{"id":15872,"date":"2020-12-08T14:31:03","date_gmt":"2020-12-08T14:31:03","guid":{"rendered":"https:\/\/hillig-kuechen.de\/kitchen-store"},"modified":"2024-03-04T14:29:20","modified_gmt":"2024-03-04T14:29:20","slug":"kitchen-studio","status":"publish","type":"page","link":"https:\/\/hillig-kuechen.de\/en\/kitchen-studio","title":{"rendered":"Kitchen studio"},"content":{"rendered":"<div class=\"wpb-content-wrapper\"><p>[vc_row parallax=&#8221;enable_parallax&#8221; enable_loading_bg=&#8221;yes&#8221; enable_overlay=&#8221;yes&#8221; css=&#8221;.vc_custom_1607439578738{border-top-width: 3vw !important;border-right-width: 3vw !important;border-bottom-width: 3vw !important;border-left-width: 3vw !important;background-image: url(https:\/\/hillig-kuechen.de\/wp-content\/uploads\/2020\/12\/haus.jpg?id=4680) !important;background-position: center;background-repeat: no-repeat;background-size: cover !important;border-left-color: #ffffff !important;border-left-style: solid !important;border-right-color: #ffffff !important;border-right-style: solid !important;border-top-color: #ffffff !important;border-top-style: solid !important;border-bottom-color: #ffffff !important;border-bottom-style: solid !important;}&#8221; overlay_bg=&#8221;linear-gradient(90deg, rgba(0,0,0,0.61) 0%, rgba(93, 0, 16, 0.6) 100%)&#8221;][vc_column]<style>.ld_spacer_69e4ac8b9e36f{height:250px;}<\/style>\n<div class=\"ld-empty-space ld_spacer_69e4ac8b9e36f\"><span class=\"liquid_empty_space_inner\"><\/span><\/div><style>.ld_fancy_heading_69e4ac8b9e684 h1{font-size:100px;line-height:1em;letter-spacing:-0.01em;color:rgb(255, 255, 255);}.ld_fancy_heading_69e4ac8b9e684 h1 {margin-top:-0.1em !important; margin-bottom:0px !important; margin-left:-10px !important;  } .ld_fancy_heading_69e4ac8b9e684 .lqd-highlight-inner{height:0.275em;bottom:0px;}.ld_fancy_heading_69e4ac8b9e684 h1 {margin-top:-0.1em !important; margin-bottom:0px !important; margin-left:-10px !important;  } <\/style><div class=\"ld-fancy-heading text-uppercase ld_fancy_heading_69e4ac8b9e684\">\n\t<h1 class=\"lqd-highlight-underline lqd-highlight-grow-left\" data-fittext=\"true\" data-fittext-options='{\"compressor\":0.65,\"maxFontSize\":\"100\",\"minFontSize\":\"66\"}' data-split-text=\"true\" data-custom-animations=\"true\" data-ca-options='{\"triggerHandler\":\"inview\",\"animationTarget\":\".lqd-chars .split-inner\",\"duration\":\"1200\",\"startDelay\":\"150\",\"delay\":\"60\",\"easing\":\"easeOutQuint\",\"direction\":\"forward\",\"initValues\":{\"translateX\":25,\"translateY\":15,\"translateZ\":24,\"scaleX\":1.25,\"rotateZ\":4,\"opacity\":0},\"animations\":{\"translateX\":0,\"translateY\":0,\"translateZ\":0,\"scaleX\":1,\"rotateZ\":0,\"opacity\":1}}' data-split-options='{\"type\":\"chars, words\"}'><span class=\"ld-fh-txt\"> The kitchen studio<\/span><\/h1><\/div><style>.ld_spacer_69e4ac8b9ea08{height:150px;}<\/style>\n<div class=\"ld-empty-space ld_spacer_69e4ac8b9ea08\"><span class=\"liquid_empty_space_inner\"><\/span><\/div>[\/vc_column][\/vc_row][vc_row][vc_column]<style>.ld_spacer_69e4ac8b9eaff{height:80px;}<\/style>\n<div class=\"ld-empty-space ld_spacer_69e4ac8b9eaff\"><span class=\"liquid_empty_space_inner\"><\/span><\/div><style>.ld_fancy_heading_69e4ac8b9ece0 h2 {margin-top:0px !important;  } .ld_fancy_heading_69e4ac8b9ece0 .lqd-highlight-inner{height:0.275em;bottom:0px;}.ld_fancy_heading_69e4ac8b9ece0 h2 {margin-top:0px !important;  } <\/style><div class=\"ld-fancy-heading text-uppercase ld_fancy_heading_69e4ac8b9ece0\">\n\t<h2 class=\"lqd-highlight-underline lqd-highlight-grow-left\" data-split-text=\"true\" data-custom-animations=\"true\" data-ca-options='{\"triggerHandler\":\"inview\",\"animationTarget\":\".lqd-lines .split-inner\",\"duration\":\"1200\",\"delay\":\"120\",\"easing\":\"easeOutQuint\",\"direction\":\"forward\",\"initValues\":{\"translateY\":45,\"opacity\":0},\"animations\":{\"translateY\":0,\"opacity\":1}}' data-split-options='{\"type\":\"lines\"}'><span class=\"ld-fh-txt\"> The kitchen store<br \/>\n<span style=\"color: #d61030\">Kitchens by Hillig<\/span><\/span><\/h2><\/div><style>.ld_spacer_69e4ac8b9ef5d{height:20px;}<\/style>\n<div class=\"ld-empty-space ld_spacer_69e4ac8b9ef5d\"><span class=\"liquid_empty_space_inner\"><\/span><\/div>[\/vc_column][\/vc_row][vc_row bg_position=&#8221;center center&#8221; css=&#8221;.vc_custom_1605272917104{background-image: url(http:\/\/architecture.liquid-themes.com\/wp-content\/uploads\/2018\/10\/img-2-min.jpg?id=4322) !important;background-position: 0 0 !important;background-repeat: no-repeat !important;}&#8221;][vc_column parallax=&#8221;yes&#8221; width=&#8221;1\/2&#8243; scale_from_x=&#8221;1&#8243; scale_from_y=&#8221;1&#8243; scale_from_z=&#8221;1&#8243; from_opacity=&#8221;1&#8243; scale_to_x=&#8221;1&#8243; scale_to_y=&#8221;1&#8243; scale_to_z=&#8221;1&#8243; to_opacity=&#8221;1&#8243; offset=&#8221;vc_col-lg-6 vc_col-md-6&#8243; translate_from_y=&#8221;-65&#8243; translate_to_y=&#8221;65&#8243;][vc_row_inner][vc_column_inner enable_content_animation=&#8221;yes&#8221; ca_init_scale_x=&#8221;1&#8243; ca_init_scale_y=&#8221;1&#8243; ca_init_scale_z=&#8221;1&#8243; ca_init_opacity=&#8221;0&#8243; ca_an_scale_x=&#8221;1&#8243; ca_an_scale_y=&#8221;1&#8243; ca_an_scale_z=&#8221;1&#8243; ca_an_opacity=&#8221;1&#8243; offset=&#8221;vc_col-md-12 vc_col-xs-12&#8243; ca_duration=&#8221;1200&#8243; ca_delay=&#8221;120&#8243; ca_init_translate_y=&#8221;45&#8243; ca_start_delay=&#8221;450&#8243;]<style>.ld_fancy_heading_69e4ac8b9f0fb .lqd-highlight-inner{height:0.275em;bottom:0px;}<\/style><div class=\"ld-fancy-heading ld_fancy_heading_69e4ac8b9f0fb\">\n\t<p class=\"lqd-highlight-underline lqd-highlight-grow-left\" data-split-text=\"true\" data-custom-animations=\"true\" data-ca-options='{\"triggerHandler\":\"inview\",\"animationTarget\":\".lqd-lines .split-inner\",\"duration\":700,\"delay\":100,\"easing\":\"easeOutQuint\",\"direction\":\"forward\",\"initValues\":{\"scale\":1},\"animations\":{\"scale\":1}}' data-split-options='{\"type\":\"lines\"}'><span class=\"ld-fh-txt\"> The exhibition at K\u00f6nigsbr\u00fccker Landstra\u00dfe 300 in Dresden Weixdorf is constantly changing. Here we showcase current trends and high-quality materials in an emotional way. We not only present kitchen furniture, but also complete furnishing ideas with many beautiful and practical accents.<\/span><\/p><\/div><style>.ld_spacer_69e4ac8b9f2a8{height:20px;}<\/style>\n<div class=\"ld-empty-space ld_spacer_69e4ac8b9f2a8\"><span class=\"liquid_empty_space_inner\"><\/span><\/div>[vc_separator color=&#8221;custom&#8221; el_width=&#8221;20&#8243; accent_color=&#8221;#d61130&#8243;]<style>.ld_spacer_69e4ac8b9f37f{height:5px;}<\/style>\n<div class=\"ld-empty-space ld_spacer_69e4ac8b9f37f\"><span class=\"liquid_empty_space_inner\"><\/span><\/div><style>.ld_fancy_heading_69e4ac8b9f502 .lqd-highlight-inner{height:0.275em;bottom:0px;}<\/style><div class=\"ld-fancy-heading ld_fancy_heading_69e4ac8b9f502\">\n\t<p class=\"lqd-highlight-underline lqd-highlight-grow-left\" data-split-text=\"true\" data-custom-animations=\"true\" data-ca-options='{\"triggerHandler\":\"inview\",\"animationTarget\":\".lqd-lines .split-inner\",\"duration\":700,\"delay\":100,\"easing\":\"easeOutQuint\",\"direction\":\"forward\",\"initValues\":{\"scale\":1},\"animations\":{\"scale\":1}}' data-split-options='{\"type\":\"lines\"}'><span class=\"ld-fh-txt\"> In our exhibition you can explore ideas, get inspiration and experience Hillig solutions at first hand. We will show you a wide variety of styles and materials. We offer homely &amp; cozy kitchens as well as young &amp; modern kitchen designs and also kitchen designs for the highest architectural expectations. As diverse as our products may be, they are united in their demand for functionality, design and quality. The kitchen studio itself can only represent a part of our possibilities. That&#8217;s why we use the latest technology to make your new kitchen an even better experience for you:<\/span><\/p><\/div>[\/vc_column_inner][\/vc_row_inner]<style>.ld_spacer_69e4ac8b9f6c1{height:60px;}<\/style>\n<div class=\"ld-empty-space ld_spacer_69e4ac8b9f6c1\"><span class=\"liquid_empty_space_inner\"><\/span><\/div>[\/vc_column][vc_column width=&#8221;1\/2&#8243; enable_content_animation=&#8221;yes&#8221; animation_preset=&#8221;Fade In Right&#8221; align=&#8221;text-center&#8221; offset=&#8221;vc_col-lg-offset-0 vc_col-lg-6 vc_col-md-offset-0 vc_col-md-6&#8243;]<div id=\"ld_images_group_container_69e4ac8b9f862\" class=\"liquid-img-group-container ld_images_group_container_69e4ac8b9f862\"  >\n\t<div class=\"liquid-img-group-inner\">\n\t\t<div id=\"ld_images_group_element_69e4ac8bba363\" class=\"liquid-img-group-single ld_images_group_element_69e4ac8bba363\" data-shadow-style=\"4\" data-inview=\"true\" data-animate-shadow=\"true\" data-reveal=\"true\" data-reveal-options='{\"direction\":\"lr\",\"bgcolor\":\"\",\"delay\":\"\"}'>\n\t\n\t\t\n\t<div class=\"liquid-img-group-img-container\">\n\t\t\n\t\t\n\t\t\t\t\t<div class=\"liquid-img-group-content content-floated-mid\">\n\t\t\t\t<style>.ld_button_69e4ac8bc6ff1.btn-icon-solid:hover .btn-icon{background:rgb(255, 101, 101);}.ld_button_69e4ac8bc6ff1 .btn-icon{color:rgb(255, 255, 255);font-size:25px;}.ld_button_69e4ac8bc6ff1.btn-icon-solid .btn-icon{background:rgb(215, 14, 48);}.ld_button_69e4ac8bc6ff1:hover{color:rgb(255, 101, 101);}<\/style><a href=\"https:\/\/www.youtube.com\/embed\/tj7-JS1K3us\" class=\"btn btn-naked fresco btn-icon-block btn-icon-top btn-icon-lg btn-icon-circle btn-icon-solid btn-icon-ripple ld_button_69e4ac8bc6ff1 vc_custom_1673687351245\">\n\t<span>\n\t\t\n\t\t\t\n\t<span class=\"btn-icon\"><i class=\"fas fa-play\"><\/i><\/span>\t\t\t<\/span>\n<\/a>\n\t\t\t<\/div><!-- \/.liquid-img-group-content -->\n\t\t\t\t\n\t\t\t\t<div class=\"liquid-img-container-inner\" >\n\t\t\t<figure ><img loading=\"lazy\" decoding=\"async\" width=\"800\" height=\"533\" src=\"data:image\/svg+xml;charset=utf-8,&lt;svg xmlns%3D&#039;http%3A%2F%2Fwww.w3.org%2F2000%2Fsvg&#039; viewBox%3D&#039;0 0 2000 1334&#039;%2F&gt;\" srcset=\"\" class=\" ld-lazyload\" alt=\"\" data-src=\"https:\/\/hillig-kuechen.de\/wp-content\/uploads\/2020\/11\/DSC07228-scaled.jpg\" data-srcset=\"https:\/\/hillig-kuechen.de\/wp-content\/uploads\/2020\/11\/DSC07228-300x200.jpg 300w, https:\/\/hillig-kuechen.de\/wp-content\/uploads\/2020\/11\/DSC07228-1024x683.jpg 1024w, https:\/\/hillig-kuechen.de\/wp-content\/uploads\/2020\/11\/DSC07228-scaled.jpg 2000w\" data-aspect=\"1.4992503748126\" \/><\/figure>\t\t\t\t\t<\/div><!-- \/.liquid-img-container-inner -->\n\t\t\n\t<\/div><!-- \/.liquid-img-group-content -->\n<\/div><!-- \/.liquid-img-group-single -->\n\t\n\t<\/div><!-- \/.liquid-img-group-inner -->\n<\/div><!-- \/.liquid-img-group-container -->[vc_column_text]more about this in our video[\/vc_column_text]<style>.ld_spacer_69e4ac8bd46e0{height:60px;}<\/style>\n<div class=\"ld-empty-space ld_spacer_69e4ac8bd46e0\"><span class=\"liquid_empty_space_inner\"><\/span><\/div>[\/vc_column][\/vc_row][vc_row full_width=&#8221;stretch_row&#8221; gap=&#8221;0&#8243; css=&#8221;.vc_custom_1530878228183{padding-bottom: 100px !important;}&#8221;][vc_column]<style>.ld_spacer_69e4ac8bd47f6{height:60px;}<\/style>\n<div class=\"ld-empty-space ld_spacer_69e4ac8bd47f6\"><span class=\"liquid_empty_space_inner\"><\/span><\/div><style>.ld_carousel_69e4ac8bd4952 .carousel-item{width:36.363636363636%;padding-left:15px;padding-right:15px;}.ld_carousel_69e4ac8bd4952 .carousel-items.row{margin-left:-15px;margin-right:-15px;}.ld_carousel_69e4ac8bd4952 .flickity-slider > .carousel-item:not(.is-selected){opacity:0.8;}.ld_carousel_69e4ac8bd4952 .flickity-prev-next-button svg{stroke:rgb(0, 0, 0);}.ld_carousel_69e4ac8bd4952 .flickity-prev-next-button{color:rgb(0, 0, 0);background:rgba(255, 255, 255, 0.4);}.ld_carousel_69e4ac8bd4952 .flickity-prev-next-button:hover svg{stroke:rgb(0, 0, 0);}.ld_carousel_69e4ac8bd4952 .flickity-prev-next-button:hover{color:rgb(0, 0, 0);}.ld_carousel_69e4ac8bd4952 .flickity-prev-next-button:before{background:rgba(255, 255, 255, 0.7);}.ld_carousel_69e4ac8bd4952 .flickity-page-dots .dot{background:rgb(230, 230, 230);border-color:rgb(230, 230, 230);color:rgb(230, 230, 230);}.ld_carousel_69e4ac8bd4952 .flickity-page-dots .dot.is-selected, .ld_carousel_69e4ac8bd4952 .flickity-page-dots .dot:hover{background:rgb(8, 8, 8);border-color:rgb(8, 8, 8);color:rgb(8, 8, 8);}.ld_carousel_69e4ac8bd4952 .flickity-page-dots{top:auto;bottom:0px;}@media (min-width: 992px) {.ld_carousel_69e4ac8bd4952 .carousel-item { width:26.666666666667% }}<\/style><div id=\"ld_carousel_69e4ac8bd4952\" class=\"carousel-container carousel-shadow-active carousel-nav-floated carousel-nav-center carousel-nav-middle carousel-nav-xl carousel-nav-solid carousel-nav-square carousel-dots-style1 ld_carousel_69e4ac8bd4952\">\n\n\t<div class=\"carousel-items row\"  data-lqd-flickity='{\"cellAlign\":\"center\",\"prevNextButtons\":true,\"buttonsAppendTo\":\"self\",\"pageDots\":true,\"groupCells\":true,\"wrapAround\":true,\"equalHeightCells\":true,\"pauseAutoPlayOnHover\":false,\"navArrow\":\"1\",\"navOffsets\":{\"prev\":\"20px\",\"next\":\"20px\"}}' >\n\t<p>[vc_single_image image=&#8221;15759&#8243; img_size=&#8221;full&#8221; alignment=&#8221;center&#8221;][vc_single_image image=&#8221;15758&#8243; img_size=&#8221;full&#8221; alignment=&#8221;center&#8221;][vc_single_image image=&#8221;15757&#8243; img_size=&#8221;full&#8221; alignment=&#8221;center&#8221;][vc_single_image image=&#8221;15755&#8243; img_size=&#8221;full&#8221; alignment=&#8221;center&#8221;][vc_single_image image=&#8221;15754&#8243; img_size=&#8221;full&#8221; alignment=&#8221;center&#8221;][vc_single_image image=&#8221;15753&#8243; img_size=&#8221;full&#8221; alignment=&#8221;center&#8221;][vc_single_image image=&#8221;15751&#8243; img_size=&#8221;full&#8221; alignment=&#8221;center&#8221;][vc_single_image image=&#8221;15748&#8243; img_size=&#8221;full&#8221; alignment=&#8221;center&#8221;][vc_single_image image=&#8221;15741&#8243; img_size=&#8221;full&#8221; alignment=&#8221;center&#8221;][vc_single_image image=&#8221;15745&#8243; img_size=&#8221;full&#8221; alignment=&#8221;center&#8221;][vc_single_image image=&#8221;15743&#8243; img_size=&#8221;full&#8221; alignment=&#8221;center&#8221;]<\/p>\n\t<\/div>\n\n<\/div>[\/vc_column][\/vc_row]<\/p>\n<\/div>","protected":false},"excerpt":{"rendered":"<p>[vc_row parallax=&#8221;enable_parallax&#8221; enable_loading_bg=&#8221;yes&#8221; enable_overlay=&#8221;yes&#8221; css=&#8221;.vc_custom_1607439578738{border-top-width: 3vw !important;border-right-width: 3vw !important;border-bottom-width: 3vw !important;border-left-width: 3vw !important;background-image: url(https:\/\/hillig-kuechen.de\/wp-content\/uploads\/2020\/12\/haus.jpg?id=4680) !important;background-position:&#8230;<\/p>\n","protected":false},"author":1,"featured_media":0,"parent":0,"menu_order":0,"comment_status":"closed","ping_status":"closed","template":"","meta":{"footnotes":""},"class_list":["post-15872","page","type-page","status-publish","hentry"],"_links":{"self":[{"href":"https:\/\/hillig-kuechen.de\/en\/wp-json\/wp\/v2\/pages\/15872","targetHints":{"allow":["GET"]}}],"collection":[{"href":"https:\/\/hillig-kuechen.de\/en\/wp-json\/wp\/v2\/pages"}],"about":[{"href":"https:\/\/hillig-kuechen.de\/en\/wp-json\/wp\/v2\/types\/page"}],"author":[{"embeddable":true,"href":"https:\/\/hillig-kuechen.de\/en\/wp-json\/wp\/v2\/users\/1"}],"replies":[{"embeddable":true,"href":"https:\/\/hillig-kuechen.de\/en\/wp-json\/wp\/v2\/comments?post=15872"}],"version-history":[{"count":25,"href":"https:\/\/hillig-kuechen.de\/en\/wp-json\/wp\/v2\/pages\/15872\/revisions"}],"predecessor-version":[{"id":16793,"href":"https:\/\/hillig-kuechen.de\/en\/wp-json\/wp\/v2\/pages\/15872\/revisions\/16793"}],"wp:attachment":[{"href":"https:\/\/hillig-kuechen.de\/en\/wp-json\/wp\/v2\/media?parent=15872"}],"curies":[{"name":"wp","href":"https:\/\/api.w.org\/{rel}","templated":true}]}}