{"id":15843,"date":"2021-01-07T16:29:32","date_gmt":"2021-01-07T16:29:32","guid":{"rendered":"https:\/\/hillig-kuechen.de\/contact-us"},"modified":"2026-03-31T07:07:30","modified_gmt":"2026-03-31T07:07:30","slug":"contact-us","status":"publish","type":"page","link":"https:\/\/hillig-kuechen.de\/en\/contact-us","title":{"rendered":"Contact us"},"content":{"rendered":"<div class=\"wpb-content-wrapper\"><p>[vc_row parallax=&#8221;enable_parallax&#8221; enable_loading_bg=&#8221;yes&#8221; enable_overlay=&#8221;yes&#8221; css=&#8221;.vc_custom_1610037034312{border-top-width: 3vw !important;border-right-width: 3vw !important;border-bottom-width: 3vw !important;border-left-width: 3vw !important;background-image: url(https:\/\/hillig-kuechen.de\/wp-content\/uploads\/2020\/11\/DSC07542-scaled.jpg?id=4525) !important;background-position: center;background-repeat: no-repeat;background-size:cover;border-left-color:#ffffff;border-left-style:solid;border-right-color:#ffffff;border-right-style:solid;border-top-color:#ffffff !important;border-top-style: solid !important;border-bottom-color: #ffffff !important;border-bottom-style: solid !important;}&#8221; overlay_bg=&#8221;linear-gradient(90deg, rgba(0,0,0,0.61) 0%, rgba(93, 0, 16, 0.6) 100%)&#8221;][vc_column]<style>.ld_spacer_69e4946b330e5{height:250px;}<\/style>\n<div class=\"ld-empty-space ld_spacer_69e4946b330e5\"><span class=\"liquid_empty_space_inner\"><\/span><\/div><style>.ld_fancy_heading_69e4946b333bb h2{font-size:100px;line-height:1em;letter-spacing:-0.01em;color:rgb(255, 255, 255);}.ld_fancy_heading_69e4946b333bb h2 {margin-top:-0.1em !important; margin-bottom:0px !important; margin-left:-10px !important;  } .ld_fancy_heading_69e4946b333bb .lqd-highlight-inner{height:0.275em;bottom:0px;}.ld_fancy_heading_69e4946b333bb h2 {margin-top:-0.1em !important; margin-bottom:0px !important; margin-left:-10px !important;  } <\/style><div class=\"ld-fancy-heading text-uppercase ld_fancy_heading_69e4946b333bb\">\n\t<h2 class=\"lqd-highlight-underline lqd-highlight-grow-left\" data-fittext=\"true\" data-fittext-options='{\"compressor\":0.65,\"maxFontSize\":\"100\",\"minFontSize\":\"66\"}' data-split-text=\"true\" data-custom-animations=\"true\" data-ca-options='{\"triggerHandler\":\"inview\",\"animationTarget\":\".lqd-chars .split-inner\",\"duration\":\"1200\",\"startDelay\":\"150\",\"delay\":\"60\",\"easing\":\"easeOutQuint\",\"direction\":\"forward\",\"initValues\":{\"translateX\":25,\"translateY\":15,\"translateZ\":24,\"scaleX\":1.25,\"rotateZ\":4,\"opacity\":0},\"animations\":{\"translateX\":0,\"translateY\":0,\"translateZ\":0,\"scaleX\":1,\"rotateZ\":0,\"opacity\":1}}' data-split-options='{\"type\":\"chars, words\"}'><span class=\"ld-fh-txt\"> Contact us<\/span><\/h2><\/div><style>.ld_spacer_69e4946b336dc{height:150px;}<\/style>\n<div class=\"ld-empty-space ld_spacer_69e4946b336dc\"><span class=\"liquid_empty_space_inner\"><\/span><\/div>[\/vc_column][\/vc_row][vc_row full_height=&#8221;yes&#8221; columns_placement=&#8221;stretch&#8221; content_placement=&#8221;middle&#8221; css=&#8221;.vc_custom_1610037472347{background-color: #2d323d !important;}&#8221;][vc_column offset=&#8221;vc_col-lg-4 vc_col-md-6&#8243; css=&#8221;.vc_custom_1610038301854{padding-top: 50px !important;padding-bottom: 50px !important;}&#8221;][vc_column_text css=&#8221;&#8221;]<\/p>\n<h3 style=\"color: #fff; margin-bottom: 10px;\">Kitchens by Hillig<\/h3>\n<p>K\u00f6nigsbr\u00fccker Landstra\u00dfe 300<br \/>\n01108 Dresden-Weixdorf<\/p>\n<p>Phone <a href=\"tel:03518804765\">0351 &#8211; 8 80 47 65<\/a><br \/>\n<a href=\"mailto:hillig.katrin@kuechen.de\">hillig.katrin@kuechen.de<\/a><\/p>\n<p><span style=\"color: #ffffff;\"><b>We are here for you<\/b><\/span><\/p>\n<p>Monday &#8211; Friday 10.00 &#8211; 18.00<br \/>\nSaturday 10.00 &#8211; 13.00<\/p>\n<p>We will be closed on Saturday, 4 April.[\/vc_column_text]<style>.ld_spacer_69e4946b337c7{height:50px;}<\/style>\n<div class=\"ld-empty-space ld_spacer_69e4946b337c7\"><span class=\"liquid_empty_space_inner\"><\/span><\/div><style>.ld_section_title_69e4946b338fa h3{color:rgb(255, 255, 255);margin-bottom:1px !important;;}.ld_section_title_69e4946b338fa h6{color:rgb(255, 255, 255);}<\/style><header class=\"fancy-title ld_section_title_69e4946b338fa vc_custom_1673618125653\">\n\t<h3>Get in touch<\/h3>\t\t<\/header><style>.ld_cf7_69e4946b36ee7 input,.ld_cf7_69e4946b36ee7 textarea,.ld_cf7_69e4946b36ee7 .ui-selectmenu-button{font-size:14px;}.ld_cf7_69e4946b36ee7 input[type=\"submit\"], .ld_cf7_69e4946b36ee7 button[type=\"submit\"]{font-size:14px;font-weight:700;letter-spacing:0.1em;background:#d61030;color:rgb(255, 255, 255);border-color:rgba(255, 255, 255, 0);}.ld_cf7_69e4946b36ee7 input:focus, .ld_cf7_69e4946b36ee7 select:focus, .ld_cf7_69e4946b36ee7 textarea:focus, .ld_cf7_69e4946b36ee7 .ui-selectmenu-button:hover{background:rgb(52, 56, 89);color:rgb(255, 255, 255);}.ld_cf7_69e4946b36ee7 input, .ld_cf7_69e4946b36ee7 select, .ld_cf7_69e4946b36ee7 textarea, .ld_cf7_69e4946b36ee7 .ui-selectmenu-button{color:rgba(179, 181, 194, 0.738);}.ld_cf7_69e4946b36ee7 input[type=\"submit\"]:focus,.ld_cf7_69e4946b36ee7 input[type=\"submit\"]:hover, .ld_cf7_69e4946b36ee7 button[type=\"submit\"]:focus, .ld_cf7_69e4946b36ee7 button[type=\"submit\"]:hover{background:rgb(255, 255, 255);}.ld_cf7_69e4946b36ee7 input[type=\"submit\"]:hover, .ld_cf7_69e4946b36ee7 button[type=\"submit\"]:hover{color:#d61030;}<\/style><div id=\"ld_cf7_69e4946b36ee7\" class=\"lqd-contact-form ld_cf7_69e4946b36ee7 vc_custom_1610037885502\">\n\t\n<div class=\"wpcf7 no-js\" id=\"wpcf7-f16119-o1\" lang=\"en-US\" dir=\"ltr\" data-wpcf7-id=\"16119\">\n<div class=\"screen-reader-response\"><p role=\"status\" aria-live=\"polite\" aria-atomic=\"true\"><\/p> <ul><\/ul><\/div>\n<form action=\"\/en\/wp-json\/wp\/v2\/pages\/15843#wpcf7-f16119-o1\" method=\"post\" class=\"wpcf7-form init\" aria-label=\"Contact form\" novalidate=\"novalidate\" data-status=\"init\">\n<fieldset class=\"hidden-fields-container\"><input type=\"hidden\" name=\"_wpcf7\" value=\"16119\" \/><input type=\"hidden\" name=\"_wpcf7_version\" value=\"6.1.5\" \/><input type=\"hidden\" name=\"_wpcf7_locale\" value=\"en_US\" \/><input type=\"hidden\" name=\"_wpcf7_unit_tag\" value=\"wpcf7-f16119-o1\" \/><input type=\"hidden\" name=\"_wpcf7_container_post\" value=\"0\" \/><input type=\"hidden\" name=\"_wpcf7_posted_data_hash\" value=\"\" \/><input type=\"hidden\" name=\"_wpcf7_recaptcha_response\" value=\"\" \/>\n<\/fieldset>\n<p><label> Your name *<br \/>\n<span class=\"wpcf7-form-control-wrap\" data-name=\"your-name\"><input size=\"40\" maxlength=\"400\" class=\"wpcf7-form-control wpcf7-text wpcf7-validates-as-required\" aria-required=\"true\" aria-invalid=\"false\" value=\"\" type=\"text\" name=\"your-name\" \/><\/span> <\/label>\n<\/p>\n<p><label> Your telephone number *<br \/>\n<span class=\"wpcf7-form-control-wrap\" data-name=\"your-phone\"><input size=\"40\" maxlength=\"400\" class=\"wpcf7-form-control wpcf7-tel wpcf7-validates-as-required wpcf7-text wpcf7-validates-as-tel\" aria-required=\"true\" aria-invalid=\"false\" value=\"\" type=\"tel\" name=\"your-phone\" \/><\/span> <\/label>\n<\/p>\n<p><label> Your e-mail *<br \/>\n<span class=\"wpcf7-form-control-wrap\" data-name=\"your-email\"><input size=\"40\" maxlength=\"400\" class=\"wpcf7-form-control wpcf7-email wpcf7-validates-as-required wpcf7-text wpcf7-validates-as-email\" aria-required=\"true\" aria-invalid=\"false\" value=\"\" type=\"email\" name=\"your-email\" \/><\/span> <\/label>\n<\/p>\n<p><label> Your message<br \/>\n<span class=\"wpcf7-form-control-wrap\" data-name=\"your-message\"><textarea cols=\"40\" rows=\"10\" maxlength=\"2000\" class=\"wpcf7-form-control wpcf7-textarea\" aria-invalid=\"false\" name=\"your-message\"><\/textarea><\/span> <\/label>\n<\/p>\n<div style=\"margin-left:-12px;margin-top:-10px;\">\n\t<p><span class=\"wpcf7-form-control-wrap\" data-name=\"datenschutz-269\"><span class=\"wpcf7-form-control wpcf7-acceptance\"><span class=\"wpcf7-list-item\"><label><input type=\"checkbox\" name=\"datenschutz-269\" value=\"1\" aria-invalid=\"false\" \/><span class=\"wpcf7-list-item-label\"><small>I have read the information on <a href=\"\/datenschutz\">data protection<\/a> <\/small><\/span><\/label><\/span><\/span><\/span>\n\t<\/p>\n<\/div>\n<p><input class=\"wpcf7-form-control wpcf7-submit has-spinner\" type=\"submit\" value=\"Submit\" \/>\n<\/p><div class=\"wpcf7-response-output\" aria-hidden=\"true\"><\/div>\n<\/form>\n<\/div>\n<\/div>[\/vc_column][vc_column offset=&#8221;vc_col-lg-offset-2 vc_col-lg-6 vc_col-md-6&#8243; css=&#8221;.vc_custom_1536752464947{margin-right: -21vw !important;}&#8221;][vc_raw_html]JTVCYm9ybGFicy1jb29raWUlMjBpZCUzRCUyMmdvb2dsZW1hcHMlMjIlMjB0eXBlJTNEJTIyY29udGVudC1ibG9ja2VyJTIyJTVEJTNDaWZyYW1lJTIwc3JjJTNEJTIyaHR0cHMlM0ElMkYlMkZ3d3cuZ29vZ2xlLmNvbSUyRm1hcHMlMkZlbWJlZCUzRnBiJTNEJTIxMW0xOCUyMTFtMTIlMjExbTMlMjExZDI1MDMuMDg3MjkxMjM2MzMzNCUyMTJkMTMuNzk3NTU5ODE2MTM0NDI3JTIxM2Q1MS4xNDM3NDEzNzk1NzY5NCUyMTJtMyUyMTFmMCUyMTJmMCUyMTNmMCUyMTNtMiUyMTFpMTAyNCUyMTJpNzY4JTIxNGYxMy4xJTIxM20zJTIxMW0yJTIxMXMweDQ3MDljYzZkOTkxMjIzYTMlMjUzQTB4ZjVkZjQxNjA4NzU4YmYyZCUyMTJzSyUyNUMzJTI1QkNjaGVuaGF1cyUyNTIwSGlsbGlnJTI1MjBJbmguJTI1MjBTdGVmZmVuJTI1MjBIaWxsaWclMjE1ZTAlMjEzbTIlMjExc2RlJTIxMnNkZSUyMTR2MTYwNTI4MDc2MTA0OSUyMTVtMiUyMTFzZGUlMjEyc2RlJTIyJTIwd2lkdGglM0QlMjI5NTAlMjIlMjBoZWlnaHQlM0QlMjIxMjAwJTIyJTIwZnJhbWVib3JkZXIlM0QlMjIwJTIyJTIwc3R5bGUlM0QlMjJib3JkZXIlM0EwJTNCJTIyJTIwYWxsb3dmdWxsc2NyZWVuJTNEJTIyJTIyJTIwYXJpYS1oaWRkZW4lM0QlMjJmYWxzZSUyMiUyMHRhYmluZGV4JTNEJTIyMCUyMiUzRSUzQyUyRmlmcmFtZSUzRSU1QiUyRmJvcmxhYnMtY29va2llJTVE[\/vc_raw_html][\/vc_column][\/vc_row]<\/p>\n<\/div>","protected":false},"excerpt":{"rendered":"<p>[vc_row parallax=&#8221;enable_parallax&#8221; enable_loading_bg=&#8221;yes&#8221; enable_overlay=&#8221;yes&#8221; css=&#8221;.vc_custom_1610037034312{border-top-width: 3vw !important;border-right-width: 3vw !important;border-bottom-width: 3vw !important;border-left-width: 3vw !important;background-image: url(https:\/\/hillig-kuechen.de\/wp-content\/uploads\/2020\/11\/DSC07542-scaled.jpg?id=4525) !important;background-position:&#8230;<\/p>\n","protected":false},"author":1,"featured_media":0,"parent":0,"menu_order":0,"comment_status":"closed","ping_status":"closed","template":"","meta":{"footnotes":""},"class_list":["post-15843","page","type-page","status-publish","hentry"],"_links":{"self":[{"href":"https:\/\/hillig-kuechen.de\/en\/wp-json\/wp\/v2\/pages\/15843","targetHints":{"allow":["GET"]}}],"collection":[{"href":"https:\/\/hillig-kuechen.de\/en\/wp-json\/wp\/v2\/pages"}],"about":[{"href":"https:\/\/hillig-kuechen.de\/en\/wp-json\/wp\/v2\/types\/page"}],"author":[{"embeddable":true,"href":"https:\/\/hillig-kuechen.de\/en\/wp-json\/wp\/v2\/users\/1"}],"replies":[{"embeddable":true,"href":"https:\/\/hillig-kuechen.de\/en\/wp-json\/wp\/v2\/comments?post=15843"}],"version-history":[{"count":39,"href":"https:\/\/hillig-kuechen.de\/en\/wp-json\/wp\/v2\/pages\/15843\/revisions"}],"predecessor-version":[{"id":17507,"href":"https:\/\/hillig-kuechen.de\/en\/wp-json\/wp\/v2\/pages\/15843\/revisions\/17507"}],"wp:attachment":[{"href":"https:\/\/hillig-kuechen.de\/en\/wp-json\/wp\/v2\/media?parent=15843"}],"curies":[{"name":"wp","href":"https:\/\/api.w.org\/{rel}","templated":true}]}}